{"id":1322,"date":"2020-10-22T10:55:16","date_gmt":"2020-10-22T08:55:16","guid":{"rendered":"https:\/\/at-artagency.com\/startseite\/"},"modified":"2025-05-05T10:15:16","modified_gmt":"2025-05-05T08:15:16","slug":"startseite","status":"publish","type":"page","link":"https:\/\/www.at-artagency.com\/fr\/","title":{"rendered":"Startseite"},"content":{"rendered":"<div id=\"pl-1322\"  class=\"panel-layout\" ><div id=\"pg-1322-0\"  class=\"panel-grid panel-no-style\" ><div id=\"pgc-1322-0-0\"  class=\"panel-grid-cell\" ><div id=\"panel-1322-0-0-0\" class=\"so-panel widget widget_fn-posts-widget panel-first-child\" data-index=\"0\" ><div\n\t\t\t\n\t\t\tclass=\"so-widget-fn-posts-widget so-widget-fn-posts-widget-base\"\n\t\t\t\n\t\t><div uk-grid class=\"uk-grid-small uk-flex uk-flex-middle uk-margin-medium-bottom\">\n  <div class=\"uk-width-expand@m uk-widht-1-1\"><h2>\u0152uvres d'art<\/h2>\n<\/div><\/div><div class=\"fn-posts fn-posts-widget\">\n    <div class=\"uk-child-width-1-2@m uk-grid-small\" uk-grid>            <div>\n              <div class=\"uk-child-width-1-1@m uk-grid-small\" uk-grid>\n                  <div class=\"\">\n                    <a class=\"uk-cover-container\" href=\"https:\/\/www.at-artagency.com\/fr\/oeuvre-dart\/platzhalter-ot1010\/\" title=\"O.T.1010\">\n                      <div class='uk-box-shadow-medium  fn-post-grid-image-container uk-background-cover uk-position-relative uk-height-medium' data-src=\"https:\/\/www.at-artagency.com\/wp-content\/uploads\/OT1010-768x539.jpeg\" data-srcset=\"https:\/\/www.at-artagency.com\/wp-content\/uploads\/OT1010-768x539.jpeg\" uk-img>\n                        <div class=\"uk-height-1-1 uk-flex uk-flex-middle uk-flex-center uk-text-center uk-light fn-post-grid-image-content\">\n                          <div>\n                            <p class=\"uk-h2 fn-big-post-title\">O.T.1010<\/p>\n                            \n                                                          <p><\/p>\n                            <p><i class=\"fal fa-arrow-right uk-light\"><\/i><\/p>\n                          <\/div>\n                        <\/div>\n                      <\/div>\n                    <\/a>\n                  <\/div>\n                <\/div>\n              <\/div>\n              <div>\n              <div class=\"uk-grid-small uk-child-width-1-2@s fn-artwork-container\" uk-grid>\n                        <div>\n              <a class=\"uk-cover-container\" href=\"https:\/\/www.at-artagency.com\/fr\/oeuvre-dart\/red-star\/\" title=\"Red Star\">\n                <div class='uk-box-shadow-medium  uk-background-cover fn-post-grid-image-container uk-position-relative fn-artwork-small-container' data-src=\"https:\/\/www.at-artagency.com\/wp-content\/uploads\/Red-Star-768x617.jpeg\" data-srcset=\"https:\/\/www.at-artagency.com\/wp-content\/uploads\/Red-Star-768x617.jpeg\" uk-img>\n                  <div class=\"uk-height-1-1 uk-flex uk-flex-middle uk-flex-center uk-light uk-text-center fn-post-grid-image-content\">\n                    <div>\n                      <p class=\"uk-h4 fn-post-title\">Red Star<\/p>\n\n                                              <p class=\"uk-text-small\"><\/p>\n                      <p><i class=\"fal fa-arrow-right uk-light\"><\/i><\/p>\n                    <\/div>\n                  <\/div>\n                <\/div>\n              <\/a>\n            <\/div>            <div>\n              <a class=\"uk-cover-container\" href=\"https:\/\/www.at-artagency.com\/fr\/oeuvre-dart\/1939-berlin-woodcut\/\" title=\"1989 (Berlin -Woodcut)\">\n                <div class='uk-box-shadow-medium  uk-background-cover fn-post-grid-image-container uk-position-relative fn-artwork-small-container' data-src=\"https:\/\/www.at-artagency.com\/wp-content\/uploads\/1989-Berlin-Woodcut-1-768x667.jpeg\" data-srcset=\"https:\/\/www.at-artagency.com\/wp-content\/uploads\/1989-Berlin-Woodcut-1-768x667.jpeg\" uk-img>\n                  <div class=\"uk-height-1-1 uk-flex uk-flex-middle uk-flex-center uk-light uk-text-center fn-post-grid-image-content\">\n                    <div>\n                      <p class=\"uk-h4 fn-post-title\">1989 (Berlin -Woodcut)<\/p>\n\n                                              <p class=\"uk-text-small\"><\/p>\n                      <p><i class=\"fal fa-arrow-right uk-light\"><\/i><\/p>\n                    <\/div>\n                  <\/div>\n                <\/div>\n              <\/a>\n            <\/div>            <div>\n              <a class=\"uk-cover-container\" href=\"https:\/\/www.at-artagency.com\/fr\/oeuvre-dart\/vale\/\" title=\"Vale\">\n                <div class='uk-box-shadow-medium  uk-background-cover fn-post-grid-image-container uk-position-relative fn-artwork-small-container' data-src=\"https:\/\/www.at-artagency.com\/wp-content\/uploads\/Vale-768x825.jpg\" data-srcset=\"https:\/\/www.at-artagency.com\/wp-content\/uploads\/Vale-768x825.jpg\" uk-img>\n                  <div class=\"uk-height-1-1 uk-flex uk-flex-middle uk-flex-center uk-light uk-text-center fn-post-grid-image-content\">\n                    <div>\n                      <p class=\"uk-h4 fn-post-title\">Vale<\/p>\n\n                                              <p class=\"uk-text-small\"><\/p>\n                      <p><i class=\"fal fa-arrow-right uk-light\"><\/i><\/p>\n                    <\/div>\n                  <\/div>\n                <\/div>\n              <\/a>\n            <\/div>            <div>\n              <a class=\"uk-cover-container\" href=\"https:\/\/www.at-artagency.com\/fr\/oeuvre-dart\/braided-bonds\/\" title=\"Braided Bonds\">\n                <div class='uk-box-shadow-medium  uk-background-cover fn-post-grid-image-container uk-position-relative fn-artwork-small-container' data-src=\"https:\/\/www.at-artagency.com\/wp-content\/uploads\/Braided-Bonds-768x869.jpg\" data-srcset=\"https:\/\/www.at-artagency.com\/wp-content\/uploads\/Braided-Bonds-768x869.jpg\" uk-img>\n                  <div class=\"uk-height-1-1 uk-flex uk-flex-middle uk-flex-center uk-light uk-text-center fn-post-grid-image-content\">\n                    <div>\n                      <p class=\"uk-h4 fn-post-title\">Braided Bonds<\/p>\n\n                                              <p class=\"uk-text-small\"><\/p>\n                      <p><i class=\"fal fa-arrow-right uk-light\"><\/i><\/p>\n                    <\/div>\n                  <\/div>\n                <\/div>\n              <\/a>\n            <\/div><\/div>    <\/div>\n    <\/div>\n  <\/div><\/div><\/div><div id=\"panel-1322-0-0-1\" class=\"so-panel widget widget_sow-editor panel-last-child\" data-index=\"1\" ><div\n\t\t\t\n\t\t\tclass=\"so-widget-sow-editor so-widget-sow-editor-base\"\n\t\t\t\n\t\t>\n<div class=\"siteorigin-widget-tinymce textwidget\">\n\t<p>&nbsp;<\/p>\n<p style=\"text-align: center;\"><a class=\"uk-button uk-button-text\" href=\"https:\/\/www.at-artagency.com\/fr\/kunstwerke-uebersicht\/\">Toutes les \u0153uvres <\/a><\/p>\n<\/div>\n<\/div><\/div><\/div><\/div><div id=\"pg-1322-1\"  class=\"panel-grid panel-has-style\" ><div class=\"uk-padding-large siteorigin-panels-stretch panel-row-style panel-row-style-for-1322-1\" data-stretch-type=\"full\" ><div id=\"pgc-1322-1-0\"  class=\"panel-grid-cell\" ><div id=\"panel-1322-1-0-0\" class=\"so-panel widget widget_sow-editor panel-first-child\" data-index=\"2\" ><div\n\t\t\t\n\t\t\tclass=\"so-widget-sow-editor so-widget-sow-editor-base\"\n\t\t\t\n\t\t>\n<div class=\"siteorigin-widget-tinymce textwidget\">\n\t<p>&nbsp;<\/p>\n<h2>Les artistes<\/h2>\n<\/div>\n<\/div><\/div><div id=\"panel-1322-1-0-1\" class=\"so-panel widget widget_fn-posts-artitst-widget panel-last-child\" data-index=\"3\" ><div\n\t\t\t\n\t\t\tclass=\"so-widget-fn-posts-artitst-widget so-widget-fn-posts-artitst-widget-base\"\n\t\t\t\n\t\t><div class=\"fn-posts fn-team-slider fn-posts-widget\" data-style=\"slider\">\n    <div class=\"uk-slider-container-offset\" uk-slider>\n      <div class=\"uk-position-relative\" tabindex=\"-1\">\n        <ul class=\"uk-slider-items fn-posts-slider-items fn-team-slider-items uk-child-width-1-2@s uk-child-width-1-3@m uk-child-width-1-4@l uk-grid\" uk-height-match=\"target: .fn-match-height\"><li class=\"uk-active\">\n              <a class=\"uk-cover-container\" href=\"https:\/\/www.at-artagency.com\/fr\/artiste\/stefan-reiss\/\" title=\"Stefan Reiss\">\n                <article class=\"fn-posts-panel fn-posts-panel-slider fn-panel\">\n                                      <div class=\"\">\n                      <div class='uk-box-shadow-medium uk-background-cover fn-artist-container uk-position-relative uk-height-medium' data-src=\"https:\/\/www.at-artagency.com\/wp-content\/uploads\/stefan-reiss-768x802.jpg\" data-srcset=\"https:\/\/www.at-artagency.com\/wp-content\/uploads\/stefan-reiss-768x802.jpg\" uk-img>\n                          <div class=\"uk-height-1-1 uk-flex uk-flex-bottom uk-light\">\n                            <div class=\"article-text uk-margin-top\">\n                              <p class=\"uk-h3\">Stefan Reiss<\/p>\n                              <ul class=\"uk-subnav\">\n                                <li>Artiste d&#039;installation<\/li>                                <li class=\"fn-border-left\">Allemagne<\/li> \n                              <\/ul>\n                            <\/div>\n                          <\/div>\n                      <\/div>\n                    <\/div>                <\/article>\n              <\/a>\n            <\/li><li class=\"uk-active\">\n              <a class=\"uk-cover-container\" href=\"https:\/\/www.at-artagency.com\/fr\/artiste\/zuzanna-skiba\/\" title=\"Zuzanna Skiba\">\n                <article class=\"fn-posts-panel fn-posts-panel-slider fn-panel\">\n                                      <div class=\"\">\n                      <div class='uk-box-shadow-medium uk-background-cover fn-artist-container uk-position-relative uk-height-medium' data-src=\"https:\/\/www.at-artagency.com\/wp-content\/uploads\/Zuzanna-Skiba-web-768x1152.jpg\" data-srcset=\"https:\/\/www.at-artagency.com\/wp-content\/uploads\/Zuzanna-Skiba-web-768x1152.jpg\" uk-img>\n                          <div class=\"uk-height-1-1 uk-flex uk-flex-bottom uk-light\">\n                            <div class=\"article-text uk-margin-top\">\n                              <p class=\"uk-h3\">Zuzanna Skiba<\/p>\n                              <ul class=\"uk-subnav\">\n                                <li>Peintre<\/li>                                <li class=\"fn-border-left\">Allemagne<\/li> \n                              <\/ul>\n                            <\/div>\n                          <\/div>\n                      <\/div>\n                    <\/div>                <\/article>\n              <\/a>\n            <\/li><li class=\"uk-active\">\n              <a class=\"uk-cover-container\" href=\"https:\/\/www.at-artagency.com\/fr\/artiste\/jacqueline-suowari\/\" title=\"Jacqueline Suowari\">\n                <article class=\"fn-posts-panel fn-posts-panel-slider fn-panel\">\n                                      <div class=\"\">\n                      <div class='uk-box-shadow-medium uk-background-cover fn-artist-container uk-position-relative uk-height-medium' data-src=\"https:\/\/www.at-artagency.com\/wp-content\/uploads\/profile_pic.png\" data-srcset=\"https:\/\/www.at-artagency.com\/wp-content\/uploads\/profile_pic.png\" uk-img>\n                          <div class=\"uk-height-1-1 uk-flex uk-flex-bottom uk-light\">\n                            <div class=\"article-text uk-margin-top\">\n                              <p class=\"uk-h3\">Jacqueline Suowari<\/p>\n                              <ul class=\"uk-subnav\">\n                                <li>Dessinatrice<\/li>                                <li class=\"fn-border-left\">Nigeria<\/li> \n                              <\/ul>\n                            <\/div>\n                          <\/div>\n                      <\/div>\n                    <\/div>                <\/article>\n              <\/a>\n            <\/li><li class=\"uk-active\">\n              <a class=\"uk-cover-container\" href=\"https:\/\/www.at-artagency.com\/fr\/artiste\/alberto-la-tassa\/\" title=\"Alberto La Tassa\">\n                <article class=\"fn-posts-panel fn-posts-panel-slider fn-panel\">\n                                      <div class=\"\">\n                      <div class='uk-box-shadow-medium uk-background-cover fn-artist-container uk-position-relative uk-height-medium' data-src=\"https:\/\/www.at-artagency.com\/wp-content\/uploads\/albesto-la-tassa.jpg\" data-srcset=\"https:\/\/www.at-artagency.com\/wp-content\/uploads\/albesto-la-tassa.jpg\" uk-img>\n                          <div class=\"uk-height-1-1 uk-flex uk-flex-bottom uk-light\">\n                            <div class=\"article-text uk-margin-top\">\n                              <p class=\"uk-h3\">Alberto La Tassa<\/p>\n                              <ul class=\"uk-subnav\">\n                                <li>Peintre<\/li>                                <li class=\"fn-border-left\">Italie<\/li> \n                              <\/ul>\n                            <\/div>\n                          <\/div>\n                      <\/div>\n                    <\/div>                <\/article>\n              <\/a>\n            <\/li><li class=\"uk-active\">\n              <a class=\"uk-cover-container\" href=\"https:\/\/www.at-artagency.com\/fr\/artiste\/michel-cren-pietsch\/\" title=\"Michel Cren Pietsch\">\n                <article class=\"fn-posts-panel fn-posts-panel-slider fn-panel\">\n                                      <div class=\"\">\n                      <div class='uk-box-shadow-medium uk-background-cover fn-artist-container uk-position-relative uk-height-medium' data-src=\"https:\/\/www.at-artagency.com\/wp-content\/uploads\/Studio-Cren-Fotocredit-Jan-K-Tyrel-768x635.jpg\" data-srcset=\"https:\/\/www.at-artagency.com\/wp-content\/uploads\/Studio-Cren-Fotocredit-Jan-K-Tyrel-768x635.jpg\" uk-img>\n                          <div class=\"uk-height-1-1 uk-flex uk-flex-bottom uk-light\">\n                            <div class=\"article-text uk-margin-top\">\n                              <p class=\"uk-h3\">Michel Cren Pietsch<\/p>\n                              <ul class=\"uk-subnav\">\n                                <li>Artiste graffiti<\/li>                                <li class=\"fn-border-left\">Allemagne<\/li> \n                              <\/ul>\n                            <\/div>\n                          <\/div>\n                      <\/div>\n                    <\/div>                <\/article>\n              <\/a>\n            <\/li><li class=\"uk-active\">\n              <a class=\"uk-cover-container\" href=\"https:\/\/www.at-artagency.com\/fr\/artiste\/maximilian-magnus\/\" title=\"Maximilian Magnus\">\n                <article class=\"fn-posts-panel fn-posts-panel-slider fn-panel\">\n                                      <div class=\"\">\n                      <div class='uk-box-shadow-medium uk-background-cover fn-artist-container uk-position-relative uk-height-medium' data-src=\"https:\/\/www.at-artagency.com\/wp-content\/uploads\/1334-1667-max-768x960.jpg\" data-srcset=\"https:\/\/www.at-artagency.com\/wp-content\/uploads\/1334-1667-max-768x960.jpg\" uk-img>\n                          <div class=\"uk-height-1-1 uk-flex uk-flex-bottom uk-light\">\n                            <div class=\"article-text uk-margin-top\">\n                              <p class=\"uk-h3\">Maximilian Magnus<\/p>\n                              <ul class=\"uk-subnav\">\n                                <li>Peintre<\/li>                                <li class=\"fn-border-left\">Allemagne<\/li> \n                              <\/ul>\n                            <\/div>\n                          <\/div>\n                      <\/div>\n                    <\/div>                <\/article>\n              <\/a>\n            <\/li><li class=\"uk-active\">\n              <a class=\"uk-cover-container\" href=\"https:\/\/www.at-artagency.com\/fr\/artiste\/luke-woodford\/\" title=\"Luke Woodford\">\n                <article class=\"fn-posts-panel fn-posts-panel-slider fn-panel\">\n                                      <div class=\"\">\n                      <div class='uk-box-shadow-medium uk-background-cover fn-artist-container uk-position-relative uk-height-medium' data-src=\"https:\/\/www.at-artagency.com\/wp-content\/uploads\/Luke.webp\" data-srcset=\"https:\/\/www.at-artagency.com\/wp-content\/uploads\/Luke.webp\" uk-img>\n                          <div class=\"uk-height-1-1 uk-flex uk-flex-bottom uk-light\">\n                            <div class=\"article-text uk-margin-top\">\n                              <p class=\"uk-h3\">Luke Woodford<\/p>\n                              <ul class=\"uk-subnav\">\n                                <li>Photographe<\/li>                                <li class=\"fn-border-left\">Royaume-Uni<\/li> \n                              <\/ul>\n                            <\/div>\n                          <\/div>\n                      <\/div>\n                    <\/div>                <\/article>\n              <\/a>\n            <\/li><\/ul>\n        <div class=\"uk-flex uk-flex-right uk-margin-medium-top fn-slider-arrows\">\n          <a class=\"\" href=\"#\" uk-slider-item=\"previous\"><i class=\"fal fa-arrow-left uk-text-primary\"><\/i><\/a>\n          <a class=\"uk-margin-left\" href=\"#\" uk-slider-item=\"next\"><i class=\"fal fa-arrow-right uk-text-primary\"><\/i><\/a>\n        <\/div>\n        <div class=\"uk-hidden uk-margin-medium-top uk-flex uk-flex-middle uk-flex-center uk-child-width-auto uk-grid-medium\" uk-grid>\n          <div>\n          <a class=\"\" href=\"#\" uk-slider-item=\"previous\"><i class=\"fal fa-chevron-left uk-text-large\"><\/i><\/a>\n          <\/div>\n          <div>\n          <a class=\"\" href=\"#\" uk-slider-item=\"next\"><i class=\"fal fa-chevron-right uk-text-large\"><\/i><\/a>\n          <\/div>\n        <\/div>\n      <\/div>\n    <\/div>\n  <\/div><\/div><\/div><\/div><\/div><\/div><div id=\"pg-1322-2\"  class=\"panel-grid panel-no-style\" ><div id=\"pgc-1322-2-0\"  class=\"panel-grid-cell\" ><div id=\"panel-1322-2-0-0\" class=\"so-panel widget widget_sow-image panel-first-child panel-last-child\" data-index=\"4\" ><div\n\t\t\t\n\t\t\tclass=\"so-widget-sow-image so-widget-sow-image-default-8b5b6f678277-2267\"\n\t\t\t\n\t\t>\n<div class=\"sow-image-container\">\n\t\t<img \n\tsrc=\"https:\/\/www.at-artagency.com\/wp-content\/uploads\/andrea-toulouse.jpg\" width=\"768\" height=\"553\" srcset=\"https:\/\/www.at-artagency.com\/wp-content\/uploads\/andrea-toulouse.jpg 768w, https:\/\/www.at-artagency.com\/wp-content\/uploads\/andrea-toulouse-300x216.jpg 300w\" sizes=\"(max-width: 768px) 100vw, 768px\" alt=\"\" \t\tclass=\"so-widget-image\"\/>\n\t<\/div>\n\n<\/div><\/div><\/div><div id=\"pgc-1322-2-1\"  class=\"panel-grid-cell\" ><div id=\"panel-1322-2-1-0\" class=\"so-panel widget widget_sow-editor panel-first-child panel-last-child\" data-index=\"5\" ><div\n\t\t\t\n\t\t\tclass=\"so-widget-sow-editor so-widget-sow-editor-base\"\n\t\t\t\n\t\t>\n<div class=\"siteorigin-widget-tinymce textwidget\">\n\t<p>&nbsp;<\/p>\n<h3 class=\"uk-h2\">L'agence<\/h3>\n<p>J'aide mes artistes \u00e0 vendre leurs \u0153uvres en collaborant avec des designers d'int\u00e9rieur, des entreprises, des festivals ou en organisant des expositions. Je suis en effet convaincue que leur art doit \u00eatre vu et qu'il m\u00e9rite une place de choix. Comme vous l'avez peut-\u00eatre d\u00e9j\u00e0 remarqu\u00e9, cher lecteur, ch\u00e8re lectrice, la s\u00e9lection d'artistes que je repr\u00e9sente avec mon agence est un merveilleux m\u00e9lange de styles, de personnes et d'horizons. Mais chaque artiste est une partie int\u00e9grante de mon agence, une partie de mon d\u00e9sir le plus cher et donc un de mes favoris personnels. Je les soutiens totalement, tant sur le plan artistique que sur le plan humain, car ils font d\u00e9sormais partie de ma deuxi\u00e8me famille.<\/p>\n<p class=\"fn-signature\" style=\"text-align: right;\">\n<\/div>\n<\/div><\/div><\/div><\/div><\/div>","protected":false},"excerpt":{"rendered":"<p>&nbsp; Toutes les \u0153uvres &nbsp; Les artistes &nbsp; L'agence J'aide mes artistes \u00e0 vendre leurs \u0153uvres en collaborant avec des designers d'int\u00e9rieur, des entreprises, des festivals ou en organisant des expositions. Je suis en effet convaincue que leur art doit \u00eatre vu et qu'il m\u00e9rite une place de choix. Comme vous l'avez peut-\u00eatre d\u00e9j\u00e0 remarqu\u00e9, [&hellip;]<\/p>\n","protected":false},"author":1,"featured_media":0,"parent":0,"menu_order":0,"comment_status":"closed","ping_status":"closed","template":"","meta":{"_acf_changed":false,"footnotes":""},"class_list":["post-1322","page","type-page","status-publish","hentry"],"acf":[],"_links":{"self":[{"href":"https:\/\/www.at-artagency.com\/fr\/wp-json\/wp\/v2\/pages\/1322","targetHints":{"allow":["GET"]}}],"collection":[{"href":"https:\/\/www.at-artagency.com\/fr\/wp-json\/wp\/v2\/pages"}],"about":[{"href":"https:\/\/www.at-artagency.com\/fr\/wp-json\/wp\/v2\/types\/page"}],"author":[{"embeddable":true,"href":"https:\/\/www.at-artagency.com\/fr\/wp-json\/wp\/v2\/users\/1"}],"replies":[{"embeddable":true,"href":"https:\/\/www.at-artagency.com\/fr\/wp-json\/wp\/v2\/comments?post=1322"}],"version-history":[{"count":21,"href":"https:\/\/www.at-artagency.com\/fr\/wp-json\/wp\/v2\/pages\/1322\/revisions"}],"predecessor-version":[{"id":2426,"href":"https:\/\/www.at-artagency.com\/fr\/wp-json\/wp\/v2\/pages\/1322\/revisions\/2426"}],"wp:attachment":[{"href":"https:\/\/www.at-artagency.com\/fr\/wp-json\/wp\/v2\/media?parent=1322"}],"curies":[{"name":"wp","href":"https:\/\/api.w.org\/{rel}","templated":true}]}}