{"id":1310,"date":"2023-08-07T15:15:15","date_gmt":"2023-08-07T13:15:15","guid":{"rendered":"https:\/\/at-artagency.com\/agentur\/"},"modified":"2024-05-03T17:34:28","modified_gmt":"2024-05-03T15:34:28","slug":"agence","status":"publish","type":"page","link":"https:\/\/www.at-artagency.com\/fr\/agence\/","title":{"rendered":"Agence"},"content":{"rendered":"<div id=\"pl-1310\"  class=\"panel-layout\" ><div id=\"pg-1310-0\"  class=\"panel-grid panel-has-style\" ><div class=\"panel-row-style panel-row-style-for-1310-0\" ><div id=\"pgc-1310-0-0\"  class=\"panel-grid-cell\" ><div id=\"panel-1310-0-0-0\" class=\"so-panel widget widget_sow-editor panel-first-child panel-last-child\" data-index=\"0\" ><div\n\t\t\t\n\t\t\tclass=\"so-widget-sow-editor so-widget-sow-editor-base\"\n\t\t\t\n\t\t>\n<div class=\"siteorigin-widget-tinymce textwidget\">\n\t<h1>Comment tout a commenc\u00e9<\/h1>\n<p>L'histoire de la cr\u00e9ation de mon entreprise est quelque peu inhabituelle, elle commence dans une banque en Allemagne et se termine avec une agence artistique en France. Mais j'ai bon espoir qu'elle me rapproche de vous, car pour moi, l'art est avant tout une relation personnelle.<\/p>\n<p>Apr\u00e8s avoir travaill\u00e9 15 ans dans une banque \u00e0 Francfort, je me sentais insatisfaite. Je ressentais le besoin de faire quelque chose de nouveau, mais je ne savais pas exactement ce que cela devait \u00eatre. En tant que responsable des relations et directrice de succursale, j'\u00e9tais passionn\u00e9e par ce que je faisais, mais ce m\u00e9tier ne me satisfaisait pas compl\u00e8tement. Lorsque j'\u00e9tais \u00e0 la banque, j'ai par exemple vendu des produits financiers et des financements de construction. M\u00eame si mon quotidien tournait autour des chiffres, j'appr\u00e9ciais les \u00e9motions et le lien personnel avec les gens.<br \/>\nLa joie d'avoir une nouvelle maison et la possibilit\u00e9 de participer au r\u00eave d'avoir sa propre maison et de le r\u00e9aliser \u00e9taient formidables. Je me suis rendu compte que les produits tangibles qui apportaient de la joie aux gens m'\u00e9panouissaient \u00e9galement. Je compatissais avec mes clients, je faisais partie de leur bonheur.<\/p>\n<p>Une chose \u00e9tait donc claire :<br \/>\nJe voulais vendre des produits qui rendent les gens heureux. En 2016, j'ai d\u00e9m\u00e9nag\u00e9 \u00e0 Paris pour vivre avec mon mari fran\u00e7ais et, apr\u00e8s le monde des banques, je me suis offert un cong\u00e9 sabbatique dans le but de me plonger dans le monde des start-ups. La culture m'a s\u00e9duite : un environnement amical, d\u00e9contract\u00e9, o\u00f9 l'on s'amuse et o\u00f9 l'on travaille avec passion. J'ai trouv\u00e9 un emploi dans une start-up sp\u00e9cialis\u00e9e dans l'achat d'art en ligne et, en tr\u00e8s peu de temps, j'ai compris que l'art \u00e9tait ce qui me satisfaisait. Maintenant, en 2024, j'ai r\u00e9alis\u00e9 mon souhait le plus cher, celui de me mettre \u00e0 mon compte et de cr\u00e9er mon agence.<\/p>\n<p>Merci beaucoup de m'accorder un peu de votre temps et de votre attention pour faire plus ample connaissance avec moi et mon agence. J'esp\u00e8re que vous d\u00e9couvrirez chez moi un artiste dont l'\u0153uvre vous fascinera, vous touchera et ne vous quittera plus, dans le meilleur sens du terme. Je me r\u00e9jouis de votre prise de contact et de faire bient\u00f4t votre connaissance.<\/p>\n<p>&nbsp;<\/p>\n<p>(Fotocredit: Marcel Nestler)<\/p>\n<\/div>\n<\/div><\/div><\/div><div id=\"pgc-1310-0-1\"  class=\"panel-grid-cell\" ><div id=\"panel-1310-0-1-0\" class=\"so-panel widget widget_sow-image panel-first-child panel-last-child\" data-index=\"1\" ><div\n\t\t\t\n\t\t\tclass=\"so-widget-sow-image so-widget-sow-image-default-c67d20f9f743-1310\"\n\t\t\t\n\t\t>\n<div class=\"sow-image-container\">\n\t\t<img \n\tsrc=\"https:\/\/www.at-artagency.com\/wp-content\/uploads\/andrea-toulouse-3-768x1024.jpg\" width=\"768\" height=\"1024\" srcset=\"https:\/\/www.at-artagency.com\/wp-content\/uploads\/andrea-toulouse-3-768x1024.jpg 768w, https:\/\/www.at-artagency.com\/wp-content\/uploads\/andrea-toulouse-3-225x300.jpg 225w, https:\/\/www.at-artagency.com\/wp-content\/uploads\/andrea-toulouse-3-1152x1536.jpg 1152w, https:\/\/www.at-artagency.com\/wp-content\/uploads\/andrea-toulouse-3-1536x2048.jpg 1536w, https:\/\/www.at-artagency.com\/wp-content\/uploads\/andrea-toulouse-3-scaled.jpg 1920w\" sizes=\"(max-width: 768px) 100vw, 768px\" title=\"andrea-toulouse-3\" alt=\"\" \t\tclass=\"so-widget-image\"\/>\n\t<\/div>\n\n<\/div><\/div><\/div><\/div><\/div><\/div>","protected":false},"excerpt":{"rendered":"<p>Comment tout a commenc\u00e9 L'histoire de la cr\u00e9ation de mon entreprise est quelque peu inhabituelle, elle commence dans une banque en Allemagne et se termine avec une agence artistique en France. Mais j'ai bon espoir qu'elle me rapproche de vous, car pour moi, l'art est avant tout une relation personnelle. Apr\u00e8s avoir travaill\u00e9 15 ans [&hellip;]<\/p>\n","protected":false},"author":1,"featured_media":0,"parent":0,"menu_order":0,"comment_status":"closed","ping_status":"closed","template":"","meta":{"_acf_changed":false,"footnotes":""},"class_list":["post-1310","page","type-page","status-publish","hentry"],"acf":[],"_links":{"self":[{"href":"https:\/\/www.at-artagency.com\/fr\/wp-json\/wp\/v2\/pages\/1310","targetHints":{"allow":["GET"]}}],"collection":[{"href":"https:\/\/www.at-artagency.com\/fr\/wp-json\/wp\/v2\/pages"}],"about":[{"href":"https:\/\/www.at-artagency.com\/fr\/wp-json\/wp\/v2\/types\/page"}],"author":[{"embeddable":true,"href":"https:\/\/www.at-artagency.com\/fr\/wp-json\/wp\/v2\/users\/1"}],"replies":[{"embeddable":true,"href":"https:\/\/www.at-artagency.com\/fr\/wp-json\/wp\/v2\/comments?post=1310"}],"version-history":[{"count":20,"href":"https:\/\/www.at-artagency.com\/fr\/wp-json\/wp\/v2\/pages\/1310\/revisions"}],"predecessor-version":[{"id":2085,"href":"https:\/\/www.at-artagency.com\/fr\/wp-json\/wp\/v2\/pages\/1310\/revisions\/2085"}],"wp:attachment":[{"href":"https:\/\/www.at-artagency.com\/fr\/wp-json\/wp\/v2\/media?parent=1310"}],"curies":[{"name":"wp","href":"https:\/\/api.w.org\/{rel}","templated":true}]}}